{"id":52,"date":"2022-05-21T18:17:29","date_gmt":"2022-05-21T16:17:29","guid":{"rendered":"http:\/\/nolegends.de\/kiju\/?page_id=52"},"modified":"2022-07-11T16:16:38","modified_gmt":"2022-07-11T14:16:38","slug":"herzlich-willkommen","status":"publish","type":"page","link":"https:\/\/nolegends.de\/kiju\/","title":{"rendered":"Startseite"},"content":{"rendered":"\n<p> <\/p>\n\n\n\n<h2 class=\"alignwide has-text-align-left has-ast-global-color-0-color has-text-color has-medium-font-size wp-block-heading\"><strong>Herzlich Willkommen auf meiner Homepage!<\/strong><\/h2>\n\n\n\n<p><\/p>\n\n\n\n<p>Auf den folgenden Seiten habe ich n\u00e4here Informationen \u00fcber meine Praxis und mein Angebot zusammengestellt. Bei Fragen oder Terminw\u00fcnschen rufen Sie mich gerne an!<\/p>\n\n\n\n<p>Als approbierte Psychotherapeutin f\u00fcr Verhaltenstherapie weise ich die gleiche Qualifikation wie meine kassen\u00e4rztlichen Kolleginnen und Kollegen auf und behandle alle psychischen St\u00f6rungen im Kindes- und Jugendalter. Ich bin Mitglied der Psychotherapeutenkammer und eingetragen in das Arztregister der kassen\u00e4rztlichen Vereinigung Berlin.<\/p>\n\n\n\n<p>Ich freue mich Sie und Ihr Kind, auch in einer eventuell schwierigen Zeit, beraten und begleiten zu d\u00fcrfen. <br>Des Weiteren ist es mir ein pers\u00f6nliches Anliegen Ihnen mit Wertsch\u00e4tzung zu begegnen. Alle meine Beratungen finden Augenh\u00f6he statt. <\/p>\n\n\n\n<p class=\"has-text-align-center\"><img loading=\"lazy\" decoding=\"async\" width=\"486\" height=\"356\" class=\"wp-image-134\" style=\"width: 486px;\" src=\"https:\/\/nolegends.de\/kiju\/wp-content\/uploads\/2022\/05\/monsi-love-.png\" alt=\"\" srcset=\"https:\/\/nolegends.de\/kiju\/wp-content\/uploads\/2022\/05\/monsi-love-.png 1106w, https:\/\/nolegends.de\/kiju\/wp-content\/uploads\/2022\/05\/monsi-love--300x220.png 300w, https:\/\/nolegends.de\/kiju\/wp-content\/uploads\/2022\/05\/monsi-love--1024x751.png 1024w, https:\/\/nolegends.de\/kiju\/wp-content\/uploads\/2022\/05\/monsi-love--768x563.png 768w\" sizes=\"auto, (max-width: 486px) 100vw, 486px\" \/><\/p>\n","protected":false},"excerpt":{"rendered":"<p>Herzlich Willkommen auf meiner Homepage! Auf den folgenden Seiten habe ich n\u00e4here Informationen \u00fcber meine Praxis und mein Angebot zusammengestellt. Bei Fragen oder Terminw\u00fcnschen rufen Sie mich gerne an! Als approbierte Psychotherapeutin f\u00fcr Verhaltenstherapie weise ich die gleiche Qualifikation wie meine kassen\u00e4rztlichen Kolleginnen und Kollegen auf und behandle alle psychischen St\u00f6rungen im Kindes- und Jugendalter. &hellip;<\/p>\n<p class=\"read-more\"> <a class=\"\" href=\"https:\/\/nolegends.de\/kiju\/\"> <span class=\"screen-reader-text\">Startseite<\/span> Weiterlesen &raquo;<\/a><\/p>\n","protected":false},"author":1,"featured_media":0,"parent":0,"menu_order":0,"comment_status":"closed","ping_status":"closed","template":"","meta":{"_monsterinsights_skip_tracking":false,"_monsterinsights_sitenote_active":false,"_monsterinsights_sitenote_note":"","_monsterinsights_sitenote_category":0,"site-sidebar-layout":"default","site-content-layout":"default","ast-global-header-display":"","ast-main-header-display":"","ast-hfb-above-header-display":"","ast-hfb-below-header-display":"","ast-hfb-mobile-header-display":"","site-post-title":"disabled","ast-breadcrumbs-content":"","ast-featured-img":"","footer-sml-layout":"","theme-transparent-header-meta":"disabled","adv-header-id-meta":"","stick-header-meta":"","header-above-stick-meta":"","header-main-stick-meta":"","header-below-stick-meta":"","footnotes":""},"class_list":["post-52","page","type-page","status-publish","hentry"],"_links":{"self":[{"href":"https:\/\/nolegends.de\/kiju\/wp-json\/wp\/v2\/pages\/52","targetHints":{"allow":["GET"]}}],"collection":[{"href":"https:\/\/nolegends.de\/kiju\/wp-json\/wp\/v2\/pages"}],"about":[{"href":"https:\/\/nolegends.de\/kiju\/wp-json\/wp\/v2\/types\/page"}],"author":[{"embeddable":true,"href":"https:\/\/nolegends.de\/kiju\/wp-json\/wp\/v2\/users\/1"}],"replies":[{"embeddable":true,"href":"https:\/\/nolegends.de\/kiju\/wp-json\/wp\/v2\/comments?post=52"}],"version-history":[{"count":7,"href":"https:\/\/nolegends.de\/kiju\/wp-json\/wp\/v2\/pages\/52\/revisions"}],"predecessor-version":[{"id":307,"href":"https:\/\/nolegends.de\/kiju\/wp-json\/wp\/v2\/pages\/52\/revisions\/307"}],"wp:attachment":[{"href":"https:\/\/nolegends.de\/kiju\/wp-json\/wp\/v2\/media?parent=52"}],"curies":[{"name":"wp","href":"https:\/\/api.w.org\/{rel}","templated":true}]}}