{"id":17,"date":"2022-05-21T16:26:37","date_gmt":"2022-05-21T14:26:37","guid":{"rendered":"http:\/\/nolegends.de\/kiju\/?page_id=17"},"modified":"2022-07-11T16:29:16","modified_gmt":"2022-07-11T14:29:16","slug":"psychotherapie","status":"publish","type":"page","link":"https:\/\/nolegends.de\/kiju\/psychotherapie\/","title":{"rendered":"Psychotherapie"},"content":{"rendered":"\n<p class=\"has-ast-global-color-0-color has-text-color\"><strong>Verhaltenstherapie als Richtlinienverfahren<\/strong><\/p>\n\n\n\n<p class=\"has-vivid-cyan-blue-color has-text-color\">Verhaltenstherapie geh\u00f6rt zu den Richtlinienverfahren. Richtlinienverfahren sind anerkannt, da sie wissenschaftlich gepr\u00fcft und ihre Wirksamkeit best\u00e4tigt wurde. Damit z\u00e4hlen sie zum Leistungsspektrum der Privat- und Beihilfeversicherungen sowie der gesetzlichen Versicherungen. Die Verhaltenstherapie ist das am umfangreichsten wissenschaftlich untersuchte Therapieverfahren und wissenschaftlich bewiesen!<br><br>Die Psychotherapie f\u00fcr Kinder und Jugendliche deckt die Behandlung der Alterspanne im Alter von 0 bis 21 Jahren ab. Patienten ab 18 Jahren k\u00f6nnen w\u00e4hlen, ob sie zu einem Kinder- und Jugendpsychotherapeuten oder sich von einen Erwachsenenpsychotherapeuten behandeln lassen. Zudem kann sich wichtig sein, dass die Bezugspersonen mit in die Therapie miteinbezogen werden. Die Verhaltenstherapie sieht sich die Situation im \u201eHier und Jetzt\u201c an. Ich erarbeite mit dem Patienten, warum er in der aktuellen Situation Beschwerden hat. Der Patient kann sich in der Therapie neue Sicht- und Verhaltensweisen aneignen, um seine Probleme\/Beschwerden \u00fcberwinden zu k\u00f6nnen. Weiterhin werden die Bezugspersonen in die Therapie miteinbezogen. Dabei gehen wir davon aus, dass bestimmte Verhaltensweisen, emotionale Reaktionen sowie Einstellungen erlernt wurden und somit auch wieder verlernt werden k\u00f6nnen. Psychotherapie dient somit der Hilfe zur Selbsthilfe!<\/p>\n\n\n\n<p class=\"has-ast-global-color-0-color has-text-color\"><strong>Ablauf einer psychotherapeutischen Behandlung<\/strong><\/p>\n\n\n\n<p class=\"has-vivid-cyan-blue-color has-text-color\"><br>Sie haben die M\u00f6glichkeit in einem unverbindlichen Erstgespr\u00e4ch mich n\u00e4her kennen zu lernen, um zu entscheiden, ob eine Zusammenarbeit zustande kommt. \u00a0Einer der Grundpfeiler daf\u00fcr ist eine vertrauensvolle Therapiebeziehung.\u00a0 Hierbei sollte Sie\/Du den Eindruck haben, \u00fcber alles sprechen zu d\u00fcrfen und das Gef\u00fchl haben, dass \u201edie Chemie stimmt\u201c. Danach folgen in der Regel die probatorischen Sitzungen (\u201eProbesitzungen\u201c). Hierbei wird eine Diagnostik durchgef\u00fchrt, gemeinsam mit dem Patienten\/ der Patientin Ziele, ein Behandlungsplan sowie die psychotherapeutischen Verfahren festgelegt und erkl\u00e4rt.<br><\/p>\n\n\n\n<p><strong>Elternberatung<\/strong><\/p>\n\n\n\n<p class=\"has-vivid-cyan-blue-color has-text-color\">Sie machen Sich Sorgen um ihre Kind? Eventuell zieht sich ihr Kind immer weiter zur\u00fcck oder rebelliert gegen Sie? Sie machen Sich Sorgen, dass ihr Kind die Trennung mit den anderen Elternteil nicht gut verkraftet hat. Hierbei und bei vielen anderen Themen kann ich Ihnen Beratung und Unterst\u00fctzung anbieten. <\/p>\n\n\n\n<p><strong>Sie suchen zeitnah einen Therapieplatz oder eine fachliche Einsch\u00e4tzung? Nehmen Sie gerne mit mir unverbindlich <a href=\"https:\/\/nolegends.de\/kiju\/kontakt\/\" target=\"_blank\" rel=\"noreferrer noopener\">Kontakt <\/a>auf!<\/strong><\/p>\n","protected":false},"excerpt":{"rendered":"<p>Verhaltenstherapie als Richtlinienverfahren Verhaltenstherapie geh\u00f6rt zu den Richtlinienverfahren. Richtlinienverfahren sind anerkannt, da sie wissenschaftlich gepr\u00fcft und ihre Wirksamkeit best\u00e4tigt wurde. Damit z\u00e4hlen sie zum Leistungsspektrum der Privat- und Beihilfeversicherungen sowie der gesetzlichen Versicherungen. Die Verhaltenstherapie ist das am umfangreichsten wissenschaftlich untersuchte Therapieverfahren und wissenschaftlich bewiesen! Die Psychotherapie f\u00fcr Kinder und Jugendliche deckt die Behandlung der &hellip;<\/p>\n<p class=\"read-more\"> <a class=\"\" href=\"https:\/\/nolegends.de\/kiju\/psychotherapie\/\"> <span class=\"screen-reader-text\">Psychotherapie<\/span> Weiterlesen &raquo;<\/a><\/p>\n","protected":false},"author":1,"featured_media":0,"parent":0,"menu_order":0,"comment_status":"closed","ping_status":"closed","template":"","meta":{"_monsterinsights_skip_tracking":false,"_monsterinsights_sitenote_active":false,"_monsterinsights_sitenote_note":"","_monsterinsights_sitenote_category":0,"site-sidebar-layout":"right-sidebar","site-content-layout":"default","ast-global-header-display":"","ast-main-header-display":"","ast-hfb-above-header-display":"","ast-hfb-below-header-display":"","ast-hfb-mobile-header-display":"","site-post-title":"","ast-breadcrumbs-content":"","ast-featured-img":"","footer-sml-layout":"","theme-transparent-header-meta":"disabled","adv-header-id-meta":"","stick-header-meta":"","header-above-stick-meta":"","header-main-stick-meta":"","header-below-stick-meta":"","footnotes":""},"class_list":["post-17","page","type-page","status-publish","hentry"],"_links":{"self":[{"href":"https:\/\/nolegends.de\/kiju\/wp-json\/wp\/v2\/pages\/17","targetHints":{"allow":["GET"]}}],"collection":[{"href":"https:\/\/nolegends.de\/kiju\/wp-json\/wp\/v2\/pages"}],"about":[{"href":"https:\/\/nolegends.de\/kiju\/wp-json\/wp\/v2\/types\/page"}],"author":[{"embeddable":true,"href":"https:\/\/nolegends.de\/kiju\/wp-json\/wp\/v2\/users\/1"}],"replies":[{"embeddable":true,"href":"https:\/\/nolegends.de\/kiju\/wp-json\/wp\/v2\/comments?post=17"}],"version-history":[{"count":9,"href":"https:\/\/nolegends.de\/kiju\/wp-json\/wp\/v2\/pages\/17\/revisions"}],"predecessor-version":[{"id":311,"href":"https:\/\/nolegends.de\/kiju\/wp-json\/wp\/v2\/pages\/17\/revisions\/311"}],"wp:attachment":[{"href":"https:\/\/nolegends.de\/kiju\/wp-json\/wp\/v2\/media?parent=17"}],"curies":[{"name":"wp","href":"https:\/\/api.w.org\/{rel}","templated":true}]}}