{"id":152,"date":"2022-05-22T21:42:34","date_gmt":"2022-05-22T19:42:34","guid":{"rendered":"http:\/\/nolegends.de\/kiju\/?page_id=152"},"modified":"2022-07-25T09:21:58","modified_gmt":"2022-07-25T07:21:58","slug":"impressum","status":"publish","type":"page","link":"https:\/\/nolegends.de\/kiju\/impressum\/","title":{"rendered":"Impressum"},"content":{"rendered":"\n<p>Dipl. Soz-p\u00e4d. <strong>Heike Schulze<\/strong><br><strong>Kinder- und Jugendlichenpsychotherapeutin<\/strong>, Verhaltenstherapie<br><\/p>\n\n\n\n<p><strong>Adresse:<\/strong><br>NEUDENKEN Privatpraxis<br>Musterstra\u00dfe 111<br>11111 Berlin<br><\/p>\n\n\n\n<p><strong>Kontakt:<\/strong><br>Telefon: 5161161161856<br>Mobil: 516511156516<br>E-Mail: <a href=\"mailto:info@stottko-psychotherapie.de\">info@<\/a><\/p>\n\n\n\n<p>Umsatzsteuer-Identifikations-Nr.: entf\u00e4llt, denn psychotherapeutische Leistungen sind steuerbefreit, weil heilberuflich gem\u00e4\u00df \u00a7 14 Nr. 14 Umsatzsteuergesetz<br><\/p>\n\n\n\n<p><strong>Aufsichtsbeh\u00f6rde<\/strong><br>Kammer f\u00fcr Psychologische Psychotherapeuten und Kinder- und Jugendlichenpsychotherapeuten im Land Berlin<br>Kurf\u00fcrstendamm 184<br>10707 Berlin<br>https:\/\/<a href=\"http:\/\/www.psychotherapeutenkammer-berlin.de\">www.psychotherapeutenkammer-berlin.de<\/a>&nbsp;<br><\/p>\n\n\n\n<p>Kassen\u00e4rztliche Vereinigung Berlin<br>Masurenallee 6A<br>14057 Berlin<br><a href=\"https:\/\/www.kvberlin.de\/\" target=\"_blank\" rel=\"noreferrer noopener\">https:\/\/www.kvberlin.de\/<\/a><br><\/p>\n\n\n\n<p><strong>Berufsbezeichnung und berufsrechtliche Regelungen<\/strong><br>Approbation: Landesamt f\u00fcr Gesundheit und Soziales,<br>Turmstra\u00dfe 21, Haus A, <br>10559 Berlin<br><\/p>\n\n\n\n<p><strong>Dipl. Sozialp\u00e4dagin <\/strong>(erlangt in Berlin)<br><strong>Kinder- und Jugendlichenpsychotherapeut<\/strong> (erlangt in Berlin)<br><\/p>\n\n\n\n<p><strong>Zust\u00e4ndige Kammer:<\/strong> <br>Psychotherapeutenkammer Berlin<br>Kurf\u00fcrstendamm 184<br>10707 Berlin<br><\/p>\n\n\n\n<p><strong>Es gelten folgende berufsrechtliche Regelungen: <\/strong><br>Berufsordnung der Kammer f\u00fcr Psychologische Psychotherapeuten<br>und Kinder- und Jugendlichenpsychotherapeuten im Land Berlin<br><\/p>\n\n\n\n<p><strong>Regelungen einsehbar unter:<\/strong><br><a href=\"https:\/\/www.psychotherapeutenkammer-berlin.de\/system\/files\/berufsodurchgeschrtextfassung_13_09_2016.pdf\" target=\"_blank\" rel=\"noreferrer noopener\">https:\/\/www.psychotherapeutenkammer-berlin.de\/system\/files\/berufsodurchgeschrtextfassung_13_09_2016.pdf<\/a><\/p>\n","protected":false},"excerpt":{"rendered":"<p>Dipl. Soz-p\u00e4d. Heike SchulzeKinder- und Jugendlichenpsychotherapeutin, Verhaltenstherapie Adresse:NEUDENKEN PrivatpraxisMusterstra\u00dfe 11111111 Berlin Kontakt:Telefon: 5161161161856Mobil: 516511156516E-Mail: info@ Umsatzsteuer-Identifikations-Nr.: entf\u00e4llt, denn psychotherapeutische Leistungen sind steuerbefreit, weil heilberuflich gem\u00e4\u00df \u00a7 14 Nr. 14 Umsatzsteuergesetz Aufsichtsbeh\u00f6rdeKammer f\u00fcr Psychologische Psychotherapeuten und Kinder- und Jugendlichenpsychotherapeuten im Land BerlinKurf\u00fcrstendamm 18410707 Berlinhttps:\/\/www.psychotherapeutenkammer-berlin.de&nbsp; Kassen\u00e4rztliche Vereinigung BerlinMasurenallee 6A14057 Berlinhttps:\/\/www.kvberlin.de\/ Berufsbezeichnung und berufsrechtliche RegelungenApprobation: Landesamt f\u00fcr Gesundheit &hellip;<\/p>\n<p class=\"read-more\"> <a class=\"\" href=\"https:\/\/nolegends.de\/kiju\/impressum\/\"> <span class=\"screen-reader-text\">Impressum<\/span> Weiterlesen &raquo;<\/a><\/p>\n","protected":false},"author":1,"featured_media":0,"parent":0,"menu_order":0,"comment_status":"closed","ping_status":"closed","template":"","meta":{"_monsterinsights_skip_tracking":false,"_monsterinsights_sitenote_active":false,"_monsterinsights_sitenote_note":"","_monsterinsights_sitenote_category":0,"site-sidebar-layout":"right-sidebar","site-content-layout":"default","ast-global-header-display":"","ast-main-header-display":"","ast-hfb-above-header-display":"","ast-hfb-below-header-display":"","ast-hfb-mobile-header-display":"","site-post-title":"","ast-breadcrumbs-content":"","ast-featured-img":"","footer-sml-layout":"","theme-transparent-header-meta":"","adv-header-id-meta":"","stick-header-meta":"","header-above-stick-meta":"","header-main-stick-meta":"","header-below-stick-meta":"","footnotes":""},"class_list":["post-152","page","type-page","status-publish","hentry"],"_links":{"self":[{"href":"https:\/\/nolegends.de\/kiju\/wp-json\/wp\/v2\/pages\/152","targetHints":{"allow":["GET"]}}],"collection":[{"href":"https:\/\/nolegends.de\/kiju\/wp-json\/wp\/v2\/pages"}],"about":[{"href":"https:\/\/nolegends.de\/kiju\/wp-json\/wp\/v2\/types\/page"}],"author":[{"embeddable":true,"href":"https:\/\/nolegends.de\/kiju\/wp-json\/wp\/v2\/users\/1"}],"replies":[{"embeddable":true,"href":"https:\/\/nolegends.de\/kiju\/wp-json\/wp\/v2\/comments?post=152"}],"version-history":[{"count":5,"href":"https:\/\/nolegends.de\/kiju\/wp-json\/wp\/v2\/pages\/152\/revisions"}],"predecessor-version":[{"id":328,"href":"https:\/\/nolegends.de\/kiju\/wp-json\/wp\/v2\/pages\/152\/revisions\/328"}],"wp:attachment":[{"href":"https:\/\/nolegends.de\/kiju\/wp-json\/wp\/v2\/media?parent=152"}],"curies":[{"name":"wp","href":"https:\/\/api.w.org\/{rel}","templated":true}]}}